{"id":448,"date":"2024-11-23T16:56:58","date_gmt":"2024-11-23T16:56:58","guid":{"rendered":"https:\/\/www.auxilium-monterosa.it\/sito\/?page_id=448"},"modified":"2025-08-24T06:36:52","modified_gmt":"2025-08-24T06:36:52","slug":"storia-e-valori","status":"publish","type":"page","link":"https:\/\/www.auxilium-monterosa.it\/sito\/index.php\/home\/storia-e-valori\/","title":{"rendered":"Storia e valori"},"content":{"rendered":"<p><div id=\"storia\" class=\"fusion-container-anchor\"><section class=\"fusion-fullwidth fullwidth-box fusion-builder-row-1 fusion-flex-container has-pattern-background has-mask-background hundred-percent-fullwidth non-hundred-percent-height-scrolling\" style=\"--awb-border-radius-top-left:0px;--awb-border-radius-top-right:0px;--awb-border-radius-bottom-right:0px;--awb-border-radius-bottom-left:0px;--awb-padding-top:0px;--awb-padding-right:0px;--awb-padding-left:0px;--awb-margin-top:0px;--awb-flex-wrap:wrap;\" ><div class=\"fusion-builder-row fusion-row fusion-flex-align-items-flex-start fusion-flex-content-wrap\" style=\"width:104% !important;max-width:104% !important;margin-left: calc(-4% \/ 2 );margin-right: calc(-4% \/ 2 );\"><div class=\"fusion-layout-column fusion_builder_column fusion-builder-column-0 fusion_builder_column_1_1 1_1 fusion-flex-column fusion-column-inner-bg-wrapper\" style=\"--awb-padding-right:0px;--awb-inner-bg-size:cover;--awb-width-large:100%;--awb-margin-top-large:0px;--awb-spacing-right-large:0%;--awb-margin-bottom-large:0px;--awb-spacing-left-large:0%;--awb-width-medium:100%;--awb-order-medium:0;--awb-spacing-right-medium:0%;--awb-spacing-left-medium:0%;--awb-width-small:100%;--awb-order-small:0;--awb-spacing-right-small:1.92%;--awb-spacing-left-small:1.92%;\"><span class=\"fusion-column-inner-bg hover-type-zoomin\"><span class=\"fusion-column-anchor\"><span class=\"fusion-column-inner-bg-image\"><\/span><\/span><\/span><div class=\"fusion-column-wrapper fusion-column-has-shadow fusion-flex-justify-content-center fusion-content-layout-row fusion-flex-align-items-center\"><div class=\"fusion-title title fusion-title-1 fusion-sep-none fusion-title-center fusion-title-text fusion-title-size-one\" style=\"--awb-text-color:#c60000;--awb-margin-top:0px;--awb-margin-bottom:0px;--awb-margin-top-small:10px;--awb-margin-right-small:0px;--awb-margin-bottom-small:10px;--awb-margin-left-small:0px;\"><h1 class=\"fusion-title-heading title-heading-center\" style=\"margin:0;\">La nostra storia<\/h1><\/div><\/div><\/div><\/div><\/section><\/div><div class=\"fusion-fullwidth fullwidth-box fusion-builder-row-2 fusion-flex-container has-pattern-background has-mask-background hundred-percent-fullwidth non-hundred-percent-height-scrolling\" style=\"--awb-border-radius-top-left:0px;--awb-border-radius-top-right:0px;--awb-border-radius-bottom-right:0px;--awb-border-radius-bottom-left:0px;--awb-padding-top:14px;--awb-padding-right:15%;--awb-padding-left:15%;--awb-flex-wrap:wrap;\" ><div class=\"fusion-builder-row fusion-row fusion-flex-align-items-stretch fusion-flex-justify-content-space-around fusion-flex-content-wrap\" style=\"width:104% !important;max-width:104% !important;margin-left: calc(-4% \/ 2 );margin-right: calc(-4% \/ 2 );\"><div class=\"fusion-layout-column fusion_builder_column fusion-builder-column-1 fusion_builder_column_1_1 1_1 fusion-flex-column fusion-flex-align-self-center\" style=\"--awb-padding-right:10%;--awb-padding-left:10%;--awb-bg-color:#ffffff;--awb-bg-color-hover:#ffffff;--awb-bg-size:cover;--awb-width-large:100%;--awb-margin-top-large:0px;--awb-spacing-right-large:0px;--awb-margin-bottom-large:0px;--awb-spacing-left-large:0px;--awb-width-medium:100%;--awb-order-medium:0;--awb-spacing-right-medium:0px;--awb-spacing-left-medium:0px;--awb-width-small:100%;--awb-order-small:0;--awb-spacing-right-small:1.92%;--awb-spacing-left-small:1.92%;\" data-scroll-devices=\"small-visibility,medium-visibility,large-visibility\"><div class=\"fusion-column-wrapper fusion-column-has-shadow fusion-flex-justify-content-flex-start fusion-content-layout-column\"><div class=\"fusion-text fusion-text-1 fusion-text-no-margin fusion-mobileBodySize\" style=\"--awb-content-alignment:center;--awb-font-size:var(--awb-custom_typography_1-font-size);--awb-line-height:var(--awb-custom_typography_1-line-height);--awb-letter-spacing:var(--awb-custom_typography_1-letter-spacing);--awb-text-transform:var(--awb-custom_typography_1-text-transform);--awb-text-color:#000000;--awb-user-select:auto;--awb-text-font-family:var(--awb-custom_typography_1-font-family);--awb-text-font-weight:var(--awb-custom_typography_1-font-weight);--awb-text-font-style:var(--awb-custom_typography_1-font-style);\"><p style=\"text-align: left;\">Fare memoria del passato non \u00e8 sempre facile.<br \/>\nAlcune date sono certe, altre si perdono nei ricordi di molti. Alcuni ricordano un episodio in particolare, altri ancora un tratto importante del percorso.<br \/>\nTuttavia sono in molti, moltissimi, a ricordare di aver militato tra le fila dell\u2019Auxilium Monterosa, tra le<br \/>\nsquadre dell\u2019Oratorio Michele Rua.<\/p>\n<\/div><div class=\"fusion-image-element \" style=\"text-align:center;--awb-margin-top:2%;--awb-margin-bottom:2%;--awb-caption-title-font-family:var(--h2_typography-font-family);--awb-caption-title-font-weight:var(--h2_typography-font-weight);--awb-caption-title-font-style:var(--h2_typography-font-style);--awb-caption-title-size:var(--h2_typography-font-size);--awb-caption-title-transform:var(--h2_typography-text-transform);--awb-caption-title-line-height:var(--h2_typography-line-height);--awb-caption-title-letter-spacing:var(--h2_typography-letter-spacing);\"><span class=\" fusion-imageframe imageframe-none imageframe-1 hover-type-none\"><a href=\"http:\/\/www.auxilium-monterosa.it\/sito\/wp-content\/uploads\/2025\/01\/campanile512.jpg\" class=\"fusion-lightbox\" data-rel=\"iLightbox[0e7dc0738e6892f1932]\" data-title=\"campanile512\" title=\"campanile512\"><img decoding=\"async\" loading=\"lazy\" decoding=\"async\" width=\"512\" height=\"290\" src=\"https:\/\/www.auxilium-monterosa.it\/sito\/wp-content\/uploads\/2025\/01\/campanile512.jpg\" data-orig-src=\"http:\/\/www.auxilium-monterosa.it\/sito\/wp-content\/uploads\/2025\/01\/campanile512.jpg\" alt class=\"lazyload img-responsive wp-image-1433\" srcset=\"data:image\/svg+xml,%3Csvg%20xmlns%3D%27http%3A%2F%2Fwww.w3.org%2F2000%2Fsvg%27%20width%3D%27512%27%20height%3D%27290%27%20viewBox%3D%270%200%20512%20290%27%3E%3Crect%20width%3D%27512%27%20height%3D%27290%27%20fill-opacity%3D%220%22%2F%3E%3C%2Fsvg%3E\" data-srcset=\"https:\/\/www.auxilium-monterosa.it\/sito\/wp-content\/uploads\/2025\/01\/campanile512-200x113.jpg 200w, https:\/\/www.auxilium-monterosa.it\/sito\/wp-content\/uploads\/2025\/01\/campanile512-400x227.jpg 400w, https:\/\/www.auxilium-monterosa.it\/sito\/wp-content\/uploads\/2025\/01\/campanile512.jpg 512w\" data-sizes=\"auto\" data-orig-sizes=\"(max-width: 1024px) 100vw, 512px\" \/><\/a><\/span><\/div><div class=\"fusion-text fusion-text-2 fusion-text-no-margin fusion-mobileBodySize\" style=\"--awb-content-alignment:left;--awb-font-size:var(--awb-custom_typography_1-font-size);--awb-line-height:var(--awb-custom_typography_1-line-height);--awb-letter-spacing:var(--awb-custom_typography_1-letter-spacing);--awb-text-transform:var(--awb-custom_typography_1-text-transform);--awb-text-color:#000000;--awb-user-select:auto;--awb-text-font-family:var(--awb-custom_typography_1-font-family);--awb-text-font-weight:var(--awb-custom_typography_1-font-weight);--awb-text-font-style:var(--awb-custom_typography_1-font-style);\"><p>E s\u00ec! Perch\u00e9 la storia dell\u2019Auxilium \u00e8 da sempre fortemente intrecciata<br \/>\ncon quella del Michele Rua, all\u2019interno del quale nasce nel 1966, per intuizione profetica dei salesiani e dei laici impegnati nel mondo dello sport, che intravedevano sapientemente la bont\u00e0 di una proposta sportiva<br \/>\nche si intrecciasse al carisma e ai valori salesiani.<\/p>\n<p>Nel 1983 arriva poi l\u2019ufficialit\u00e0, con la costituzione della \u201cPolisportiva PGS Auxilium Monterosa\u201d che nasceva con uno scopo \u201cEducativo, per saper animare la realt\u00e0 dello sport anche attraverso l\u2019avvicinamento e il recupero dei ragazzi pi\u00f9 difficili, e per non mirare all\u2019arrivismo, ma per mettere il ragazzo al primo posto, in un preciso progetto educativo di maturazione cristiana e sociale\u201d (verbale della riunione del 21\/10\/1983).<br \/>\nPellegrina in parte tra i campi e le palestre del quartiere trova poi all\u2019interno della Casa del Michele Rua la<br \/>\nsua sede operativa definitiva, con l\u2019inaugurazione della palestra nel 1991, struttura nella quale troveranno<br \/>\nospitalit\u00e0 soprattutto le attivit\u00e0 del basket e della pallavolo.<br \/>\nEsigenze di legge, impongono nel nuovo millennio un cambiamento nella natura giuridica. La PGS viene<br \/>\nsciolta, e nasce nel maggio del 2011 la ASD Auxilium Monterosa, che non abbandona le radici dalla quale<br \/>\nsorge, n\u00e9 tanto meno l\u2019esperienza consolidata, bagaglio che porta con s\u00e9 nel quotidiano svolgimento delle<br \/>\nsue attivit\u00e0.<\/p>\n<\/div><div class=\"fusion-image-element \" style=\"text-align:center;--awb-margin-top:2%;--awb-margin-bottom:2%;--awb-caption-title-font-family:var(--h2_typography-font-family);--awb-caption-title-font-weight:var(--h2_typography-font-weight);--awb-caption-title-font-style:var(--h2_typography-font-style);--awb-caption-title-size:var(--h2_typography-font-size);--awb-caption-title-transform:var(--h2_typography-text-transform);--awb-caption-title-line-height:var(--h2_typography-line-height);--awb-caption-title-letter-spacing:var(--h2_typography-letter-spacing);\"><span class=\" fusion-imageframe imageframe-none imageframe-2 hover-type-none\"><a href=\"http:\/\/www.auxilium-monterosa.it\/sito\/wp-content\/uploads\/2025\/01\/campoDaCalcio512.jpeg\" class=\"fusion-lightbox\" data-rel=\"iLightbox[bf2949236c99c4f787e]\" data-title=\"campoDaCalcio512\" title=\"campoDaCalcio512\"><img decoding=\"async\" loading=\"lazy\" decoding=\"async\" width=\"512\" height=\"290\" src=\"https:\/\/www.auxilium-monterosa.it\/sito\/wp-content\/uploads\/2025\/01\/campoDaCalcio512.jpeg\" data-orig-src=\"http:\/\/www.auxilium-monterosa.it\/sito\/wp-content\/uploads\/2025\/01\/campoDaCalcio512.jpeg\" alt class=\"lazyload img-responsive wp-image-1434\" srcset=\"data:image\/svg+xml,%3Csvg%20xmlns%3D%27http%3A%2F%2Fwww.w3.org%2F2000%2Fsvg%27%20width%3D%27512%27%20height%3D%27290%27%20viewBox%3D%270%200%20512%20290%27%3E%3Crect%20width%3D%27512%27%20height%3D%27290%27%20fill-opacity%3D%220%22%2F%3E%3C%2Fsvg%3E\" data-srcset=\"https:\/\/www.auxilium-monterosa.it\/sito\/wp-content\/uploads\/2025\/01\/campoDaCalcio512-200x113.jpeg 200w, https:\/\/www.auxilium-monterosa.it\/sito\/wp-content\/uploads\/2025\/01\/campoDaCalcio512-400x227.jpeg 400w, https:\/\/www.auxilium-monterosa.it\/sito\/wp-content\/uploads\/2025\/01\/campoDaCalcio512.jpeg 512w\" data-sizes=\"auto\" data-orig-sizes=\"(max-width: 1024px) 100vw, 512px\" \/><\/a><\/span><\/div><div class=\"fusion-text fusion-text-3 fusion-text-no-margin fusion-mobileBodySize\" style=\"--awb-content-alignment:left;--awb-font-size:var(--awb-custom_typography_1-font-size);--awb-line-height:var(--awb-custom_typography_1-line-height);--awb-letter-spacing:var(--awb-custom_typography_1-letter-spacing);--awb-text-transform:var(--awb-custom_typography_1-text-transform);--awb-text-color:#000000;--awb-user-select:auto;--awb-text-font-family:var(--awb-custom_typography_1-font-family);--awb-text-font-weight:var(--awb-custom_typography_1-font-weight);--awb-text-font-style:var(--awb-custom_typography_1-font-style);\"><p>L\u2019associazione nel tempo ha visto organizzare sport e discipline differenti, alcune che si sono consolidate<br \/>\nnel tempo, altre che sono state solo l\u2019espressione di alcune stagioni sportive (calcio, danza, pallacanestro,<br \/>\npallavolo, atletica, football americano, pattinaggio, per arrivare alla recente introduzione del trekking), a<br \/>\nconferma della necessit\u00e0 e del desiderio di adattarsi alle esigenze e alle richieste del territorio e del tempo in cui l\u2019Auxilium vive.<br \/>\nMa oggi cos\u2019\u00e8 l\u2019Auxilium Monterosa? Prima di tutto vuole essere un\u2019ancora fissa nei valori salesiani che da<br \/>\nsempre l\u2019hanno contraddistinta; nel contempo prende coscienza dell\u2019importanza di essere attenta ai tempi<br \/>\nche cambiano, alle necessit\u00e0 che variano, all\u2019utenza che si fa diversa e diversificata, alla quale sempre va<br \/>\nreso conto di ci\u00f2 in cui si crede.<br \/>\nE\u2019 luogo di impegno per un nutrito numero di volontari che collaborano gratuitamente per il bene dei pi\u00f9<br \/>\ngiovani, dedicando tempo prezioso non solo allenamento, ma anche alle gare e alle competizioni, o anche<br \/>\nal pi\u00f9 nascosto (e poderoso) lavoro amministrativo.<br \/>\nNon fa dello sport il fine ultimo, ma lo strumento primo per \u201cattirare\u201d a s\u00e9 i ragazzi e le ragazze alle quali<br \/>\nindicare il cammino del sacrificio sportivo per la realizzazione di importanti risultati, come metafora del<br \/>\ncammino della vita.<br \/>\nCrede nei giovani, in cui ripone le speranze di futuro, sapendo che attraverso di loro, accompagnati da<br \/>\nadulti maturi e coscienti, si educano altri giovani: don Bosco cos\u00ec ci insegna!<\/p>\n<\/div><div class=\"fusion-image-element \" style=\"text-align:center;--awb-margin-top:2%;--awb-margin-bottom:2%;--awb-caption-title-font-family:var(--h2_typography-font-family);--awb-caption-title-font-weight:var(--h2_typography-font-weight);--awb-caption-title-font-style:var(--h2_typography-font-style);--awb-caption-title-size:var(--h2_typography-font-size);--awb-caption-title-transform:var(--h2_typography-text-transform);--awb-caption-title-line-height:var(--h2_typography-line-height);--awb-caption-title-letter-spacing:var(--h2_typography-letter-spacing);\"><span class=\" fusion-imageframe imageframe-none imageframe-3 hover-type-none\"><a href=\"http:\/\/www.auxilium-monterosa.it\/sito\/wp-content\/uploads\/2025\/01\/campoDaBasket512.jpg\" class=\"fusion-lightbox\" data-rel=\"iLightbox[8cd318125c6639e076f]\" data-title=\"campoDaBasket512\" title=\"campoDaBasket512\"><img decoding=\"async\" loading=\"lazy\" decoding=\"async\" width=\"512\" height=\"268\" src=\"https:\/\/www.auxilium-monterosa.it\/sito\/wp-content\/uploads\/2025\/01\/campoDaBasket512.jpg\" data-orig-src=\"http:\/\/www.auxilium-monterosa.it\/sito\/wp-content\/uploads\/2025\/01\/campoDaBasket512.jpg\" alt class=\"lazyload img-responsive wp-image-1435\" srcset=\"data:image\/svg+xml,%3Csvg%20xmlns%3D%27http%3A%2F%2Fwww.w3.org%2F2000%2Fsvg%27%20width%3D%27512%27%20height%3D%27268%27%20viewBox%3D%270%200%20512%20268%27%3E%3Crect%20width%3D%27512%27%20height%3D%27268%27%20fill-opacity%3D%220%22%2F%3E%3C%2Fsvg%3E\" data-srcset=\"https:\/\/www.auxilium-monterosa.it\/sito\/wp-content\/uploads\/2025\/01\/campoDaBasket512-200x105.jpg 200w, https:\/\/www.auxilium-monterosa.it\/sito\/wp-content\/uploads\/2025\/01\/campoDaBasket512-400x209.jpg 400w, https:\/\/www.auxilium-monterosa.it\/sito\/wp-content\/uploads\/2025\/01\/campoDaBasket512.jpg 512w\" data-sizes=\"auto\" data-orig-sizes=\"(max-width: 1024px) 100vw, 512px\" \/><\/a><\/span><\/div><\/div><\/div><\/div><\/div><div id=\"valori\" class=\"fusion-container-anchor\"><div class=\"fusion-fullwidth fullwidth-box fusion-builder-row-3 fusion-flex-container has-pattern-background has-mask-background hundred-percent-fullwidth non-hundred-percent-height-scrolling\" style=\"--awb-border-radius-top-left:0px;--awb-border-radius-top-right:0px;--awb-border-radius-bottom-right:0px;--awb-border-radius-bottom-left:0px;--awb-padding-top:0px;--awb-padding-right:0px;--awb-padding-left:0px;--awb-margin-top:0px;--awb-flex-wrap:wrap;\" ><div class=\"fusion-builder-row fusion-row fusion-flex-align-items-flex-start fusion-flex-content-wrap\" style=\"width:104% !important;max-width:104% !important;margin-left: calc(-4% \/ 2 );margin-right: calc(-4% \/ 2 );\"><div class=\"fusion-layout-column fusion_builder_column fusion-builder-column-2 fusion_builder_column_1_1 1_1 fusion-flex-column fusion-column-inner-bg-wrapper\" style=\"--awb-padding-right:0px;--awb-inner-bg-size:cover;--awb-width-large:100%;--awb-margin-top-large:3%;--awb-spacing-right-large:0%;--awb-margin-bottom-large:0px;--awb-spacing-left-large:0%;--awb-width-medium:100%;--awb-order-medium:0;--awb-spacing-right-medium:0%;--awb-spacing-left-medium:0%;--awb-width-small:100%;--awb-order-small:0;--awb-spacing-right-small:1.92%;--awb-spacing-left-small:1.92%;\" data-scroll-devices=\"small-visibility,medium-visibility,large-visibility\"><span class=\"fusion-column-inner-bg hover-type-zoomin\"><span class=\"fusion-column-anchor\"><span class=\"fusion-column-inner-bg-image\"><\/span><\/span><\/span><div class=\"fusion-column-wrapper fusion-column-has-shadow fusion-flex-justify-content-center fusion-content-layout-row fusion-flex-align-items-center\"><div class=\"fusion-title title fusion-title-2 fusion-sep-none fusion-title-center fusion-title-text fusion-title-size-one\" style=\"--awb-text-color:#c60000;--awb-margin-top:3%;--awb-margin-bottom:0px;--awb-margin-top-small:10px;--awb-margin-right-small:0px;--awb-margin-bottom-small:10px;--awb-margin-left-small:0px;\"><h1 class=\"fusion-title-heading title-heading-center\" style=\"margin:0;\">I nostri valori<\/h1><\/div><\/div><\/div><\/div><\/div><\/div><div class=\"fusion-fullwidth fullwidth-box fusion-builder-row-4 fusion-flex-container has-pattern-background has-mask-background hundred-percent-fullwidth non-hundred-percent-height-scrolling\" style=\"--awb-border-radius-top-left:0px;--awb-border-radius-top-right:0px;--awb-border-radius-bottom-right:0px;--awb-border-radius-bottom-left:0px;--awb-padding-top:14px;--awb-padding-right:15%;--awb-padding-left:15%;--awb-padding-right-small:15%;--awb-padding-left-small:15%;--awb-flex-wrap:wrap;\" ><div class=\"fusion-builder-row fusion-row fusion-flex-align-items-flex-start fusion-flex-content-wrap\" style=\"width:104% !important;max-width:104% !important;margin-left: calc(-4% \/ 2 );margin-right: calc(-4% \/ 2 );\"><div class=\"fusion-layout-column fusion_builder_column fusion-builder-column-3 fusion_builder_column_1_1 1_1 fusion-flex-column fusion-flex-align-self-center\" style=\"--awb-padding-right:10%;--awb-padding-left:10%;--awb-bg-color:#ffffff;--awb-bg-color-hover:#ffffff;--awb-bg-size:cover;--awb-width-large:100%;--awb-margin-top-large:0px;--awb-spacing-right-large:0px;--awb-margin-bottom-large:0px;--awb-spacing-left-large:0px;--awb-width-medium:100%;--awb-order-medium:0;--awb-spacing-right-medium:0px;--awb-spacing-left-medium:0px;--awb-width-small:100%;--awb-order-small:0;--awb-spacing-right-small:1.92%;--awb-spacing-left-small:1.92%;\" data-scroll-devices=\"small-visibility,medium-visibility,large-visibility\"><div class=\"fusion-column-wrapper fusion-column-has-shadow fusion-flex-justify-content-flex-start fusion-content-layout-column\"><div class=\"fusion-text fusion-text-4 fusion-text-no-margin fusion-mobileBodySize\" style=\"--awb-content-alignment:left;--awb-font-size:var(--awb-custom_typography_1-font-size);--awb-line-height:var(--awb-custom_typography_1-line-height);--awb-letter-spacing:var(--awb-custom_typography_1-letter-spacing);--awb-text-transform:var(--awb-custom_typography_1-text-transform);--awb-text-color:#000000;--awb-user-select:auto;--awb-margin-top:10px;--awb-margin-bottom:10px;--awb-text-font-family:var(--awb-custom_typography_1-font-family);--awb-text-font-weight:var(--awb-custom_typography_1-font-weight);--awb-text-font-style:var(--awb-custom_typography_1-font-style);\"><p>Da sempre la parola\u00a0<strong>Sport<\/strong>\u00a0richiama alla mente idee differenti: l\u2019immagine della fatica e quella del successo, lo stimolo che nasce dalla competizione e lo spirito di squadra, la sofferenza della sconfitta e il desiderio di ripartire.<\/p>\n<p><strong>Qui all\u2019Auxilium Monterosa<\/strong>\u00a0desideriamo che lo sport sia anche una declinazione dell\u2019educazione, uno<strong>\u00a0strumento forte di crescita<\/strong>\u00a0per l\u2019atleta e per l\u2019allenatore, che coinvolge la comunit\u00e0 tutta dell\u2019Oratorio Michele Rua, in cui l\u2019Auxilium \u00e8 inserita e vive, e le famiglie che ci affidano i loro figli e le loro figlie. Fare sport diventa allora uno strumento per collaborare con chi mi sta a fianco, per un obiettivo da raggiungere. \u00c8 il modo con il quale imparo a vedere con rispetto l\u2019avversario, e a costruire un gioco di squadra che migliora me stesso e gli altri. Sport \u00e8 coraggio di ricominciare quando la sconfitta \u00e8 stata pesante. Sport \u00e8 guardarsi indietro perch\u00e8 ogni mio compagno di squadra abbia il \u201csuo momento\u201d.<\/p>\n<p>Sport \u00e8, per noi che viviamo in un contesto salesiano,\u00a0<strong>avere a cuore i ragazzi e le ragazze nella globalit\u00e0 del loro cammino formativo<\/strong>, perch\u00e8 siano gli allenatori di domani, nello sport e nella vita.<\/p>\n<p><img decoding=\"async\" loading=\"lazy\" class=\"lazyload aligncenter\" src=\"data:image\/gif;base64,R0lGODlhAQABAAAAACH5BAEKAAEALAAAAAABAAEAAAICTAEAOw==\" data-orig-src=\"https:\/\/www.michelerua.it\/wp-content\/uploads\/2023\/01\/Salesianamente-Sport-01.png\" \/><\/p>\n<\/div><\/div><\/div><\/div><\/div><\/p>\n","protected":false},"excerpt":{"rendered":"","protected":false},"author":3,"featured_media":0,"parent":13,"menu_order":0,"comment_status":"closed","ping_status":"closed","template":"100-width.php","meta":{"footnotes":""},"class_list":["post-448","page","type-page","status-publish","hentry"],"_links":{"self":[{"href":"https:\/\/www.auxilium-monterosa.it\/sito\/index.php\/wp-json\/wp\/v2\/pages\/448","targetHints":{"allow":["GET"]}}],"collection":[{"href":"https:\/\/www.auxilium-monterosa.it\/sito\/index.php\/wp-json\/wp\/v2\/pages"}],"about":[{"href":"https:\/\/www.auxilium-monterosa.it\/sito\/index.php\/wp-json\/wp\/v2\/types\/page"}],"author":[{"embeddable":true,"href":"https:\/\/www.auxilium-monterosa.it\/sito\/index.php\/wp-json\/wp\/v2\/users\/3"}],"replies":[{"embeddable":true,"href":"https:\/\/www.auxilium-monterosa.it\/sito\/index.php\/wp-json\/wp\/v2\/comments?post=448"}],"version-history":[{"count":36,"href":"https:\/\/www.auxilium-monterosa.it\/sito\/index.php\/wp-json\/wp\/v2\/pages\/448\/revisions"}],"predecessor-version":[{"id":1889,"href":"https:\/\/www.auxilium-monterosa.it\/sito\/index.php\/wp-json\/wp\/v2\/pages\/448\/revisions\/1889"}],"up":[{"embeddable":true,"href":"https:\/\/www.auxilium-monterosa.it\/sito\/index.php\/wp-json\/wp\/v2\/pages\/13"}],"wp:attachment":[{"href":"https:\/\/www.auxilium-monterosa.it\/sito\/index.php\/wp-json\/wp\/v2\/media?parent=448"}],"curies":[{"name":"wp","href":"https:\/\/api.w.org\/{rel}","templated":true}]}}