{"id":452,"date":"2024-11-24T07:09:23","date_gmt":"2024-11-24T07:09:23","guid":{"rendered":"https:\/\/www.auxilium-monterosa.it\/sito\/?page_id=452"},"modified":"2025-01-06T15:42:39","modified_gmt":"2025-01-06T15:42:39","slug":"privacy-policy","status":"publish","type":"page","link":"https:\/\/www.auxilium-monterosa.it\/sito\/index.php\/home\/privacy-policy\/","title":{"rendered":"Privacy policy"},"content":{"rendered":"<p><div id=\"trasparenza\" class=\"fusion-container-anchor\"><section class=\"fusion-fullwidth fullwidth-box fusion-builder-row-1 fusion-flex-container has-pattern-background has-mask-background hundred-percent-fullwidth non-hundred-percent-height-scrolling\" style=\"--awb-border-radius-top-left:0px;--awb-border-radius-top-right:0px;--awb-border-radius-bottom-right:0px;--awb-border-radius-bottom-left:0px;--awb-padding-top:0px;--awb-padding-right:5px;--awb-padding-left:5px;--awb-padding-right-small:5px;--awb-padding-left-small:5px;--awb-margin-top:0px;--awb-flex-wrap:wrap;\" ><div class=\"fusion-builder-row fusion-row fusion-flex-align-items-flex-start fusion-flex-content-wrap\" style=\"width:104% !important;max-width:104% !important;margin-left: calc(-4% \/ 2 );margin-right: calc(-4% \/ 2 );\"><div class=\"fusion-layout-column fusion_builder_column fusion-builder-column-0 fusion_builder_column_1_1 1_1 fusion-flex-column fusion-column-inner-bg-wrapper\" style=\"--awb-padding-right:0px;--awb-inner-bg-size:cover;--awb-width-large:100%;--awb-margin-top-large:0px;--awb-spacing-right-large:0%;--awb-margin-bottom-large:0px;--awb-spacing-left-large:0%;--awb-width-medium:100%;--awb-order-medium:0;--awb-spacing-right-medium:0%;--awb-spacing-left-medium:0%;--awb-width-small:100%;--awb-order-small:0;--awb-spacing-right-small:1.92%;--awb-spacing-left-small:1.92%;\"><span class=\"fusion-column-inner-bg hover-type-zoomin\"><span class=\"fusion-column-anchor\"><span class=\"fusion-column-inner-bg-image\"><\/span><\/span><\/span><div class=\"fusion-column-wrapper fusion-column-has-shadow fusion-flex-justify-content-center fusion-content-layout-row fusion-flex-align-items-center\"><div class=\"fusion-title title fusion-title-1 fusion-sep-none fusion-title-center fusion-title-text fusion-title-size-one\" style=\"--awb-text-color:#c60000;--awb-margin-top:0px;--awb-margin-bottom:0px;--awb-margin-top-small:10px;--awb-margin-right-small:5%;--awb-margin-bottom-small:10px;--awb-margin-left-small:5%;--awb-margin-right-medium:5%;--awb-margin-left-medium:5%;\"><h1 class=\"fusion-title-heading title-heading-center\" style=\"margin:0;\">Privacy policy<\/h1><\/div><\/div><\/div><\/div><\/section><\/div><div class=\"fusion-fullwidth fullwidth-box fusion-builder-row-2 fusion-flex-container has-pattern-background has-mask-background hundred-percent-fullwidth non-hundred-percent-height-scrolling\" style=\"--awb-border-radius-top-left:0px;--awb-border-radius-top-right:0px;--awb-border-radius-bottom-right:0px;--awb-border-radius-bottom-left:0px;--awb-padding-top:0px;--awb-padding-right:0px;--awb-padding-bottom:0px;--awb-padding-left:0px;--awb-flex-wrap:wrap;\" ><div class=\"fusion-builder-row fusion-row fusion-flex-align-items-center fusion-flex-justify-content-center fusion-flex-content-wrap\" style=\"width:104% !important;max-width:104% !important;margin-left: calc(-4% \/ 2 );margin-right: calc(-4% \/ 2 );\"><div class=\"fusion-layout-column fusion_builder_column fusion-builder-column-1 fusion_builder_column_1_1 1_1 fusion-flex-column\" style=\"--awb-padding-right:10%;--awb-padding-left:10%;--awb-bg-size:cover;--awb-width-large:100%;--awb-margin-top-large:0px;--awb-spacing-right-large:1.92%;--awb-margin-bottom-large:20px;--awb-spacing-left-large:1.92%;--awb-width-medium:100%;--awb-order-medium:0;--awb-spacing-right-medium:1.92%;--awb-spacing-left-medium:1.92%;--awb-width-small:100%;--awb-order-small:0;--awb-spacing-right-small:1.92%;--awb-spacing-left-small:1.92%;\" data-scroll-devices=\"small-visibility,medium-visibility,large-visibility\"><div class=\"fusion-column-wrapper fusion-column-has-shadow fusion-flex-justify-content-flex-start fusion-content-layout-column\"><div class=\"fusion-separator\" style=\"align-self: flex-start;margin-right:auto;margin-top:5%;width:100%;max-width:128px;\"><div class=\"fusion-separator-border sep-single sep-solid\" style=\"--awb-height:20px;--awb-amount:20px;--awb-sep-color:var(--awb-custom_color_2);border-color:var(--awb-custom_color_2);border-top-width:4px;\"><\/div><\/div>\n<div style=\"text-align:center;\"><a class=\"fusion-button button-3d button-xlarge button-custom fusion-button-default button-1 fusion-button-default-span fusion-has-button-gradient\" style=\"--button_accent_color:#ffffff;--button_border_color:#ffffff;--button_accent_hover_color:#ff0000;--button_border_hover_color:var(--awb-color1);--button_gradient_angle:90deg;--button_gradient_start:38%;--button_gradient_end:90%;--button_gradient_top_color:#ff0000;--button_gradient_bottom_color:#3200ff;--button_gradient_top_color_hover:rgba(255,255,255,0);--button_gradient_bottom_color_hover:rgba(255,255,255,0);--button_text_transform:uppercase;--button_typography-letter-spacing:2px;--button_typography-font-family:-apple-system, BlinkMacSystemFont, &#039;Segoe UI&#039;, Roboto, Oxygen-Sans, Ubuntu, Cantarell, &#039;Helvetica Neue&#039; ,sans-serif;--button_typography-font-style:normal;--button_typography-font-weight:700;--button_margin-top:2%;--button_margin-bottom:3%;\" target=\"_self\" href=\"https:\/\/drive.google.com\/file\/d\/14w6pS4krWd7B_FvdLfFBtPHx03qfYM_a\/view?usp=sharing\"><span class=\"fusion-button-text awb-button__text awb-button__text--default\">Scarica pdf<\/span><\/a><\/div><div class=\"fusion-text fusion-text-1 fusion-text-no-margin fusion-mobileBodySize\" style=\"--awb-font-size:var(--awb-custom_typography_1-font-size);--awb-line-height:var(--awb-custom_typography_1-line-height);--awb-letter-spacing:var(--awb-custom_typography_1-letter-spacing);--awb-text-transform:var(--awb-custom_typography_1-text-transform);--awb-text-font-family:var(--awb-custom_typography_1-font-family);--awb-text-font-weight:var(--awb-custom_typography_1-font-weight);--awb-text-font-style:var(--awb-custom_typography_1-font-style);\"><p>L\u2019A.S.D. Auxilium Monterosa, in persona del legale rappresentante pro tempore, con sede in Torino, Via Paisiello 37, codice fiscale 97515210017 (in seguito, \u201cTitolare\u201d), in qualit\u00e0 di titolare del trattamento, La informa ai sensi dell\u2019art. 13 Regolamento UE n. 2016\/679 (in seguito, \u201cGDPR\u201d) che i Suoi dati saranno trattati con le modalit\u00e0 e per le finalit\u00e0 di seguito indicate.<\/p>\n<p><strong>1. Oggetto del Trattamento<\/strong> &#8211; Il Titolare tratta i dati personali (nome, cognome, indirizzo, telefono, e-mail, nonch\u00e9 ogni altro dato comune necessario per l\u2019esperimento dell\u2019attivit\u00e0 dell\u2019Associazione), particolari (quali origine razziale ed etnica, convinzioni religiose, filosofiche o di altro genere, e dati idonei a rivelare lo stato di salute) e giudiziari (provvedimenti in materia di affidamento della prole, di status delle persone, di restrizione di visite e incontri, di casellario giudiziale, nonch\u00e9 ogni altro dato di natura giudiziaria necessario per l\u2019esperimento dell\u2019attivit\u00e0 dell\u2019Associazione) da Lei comunicati in occasione dell\u2019adesione ai servizi offerti dal Titolare.<\/p>\n<p><strong>2. Finalit\u00e0 del trattamento<\/strong> &#8211; I Suoi dati personali sono trattati, da Associazione senza scopo di lucro, in riferimento a soggetti che hanno contatti regolari o aderenti, per il perseguimento di scopi determinati e legittimi individuati dall&#8217;atto costitutivo o dallo statuto.<br \/>\nPi\u00f9 in particolare, i dati da Lei conferiti vengono utilizzati dal Titolare per l\u2019iscrizione tra i soci dell\u2019Associazione e per fornire a minorenni e\/o maggiorenni servizi connessi alla pratica sportiva nelle discipline oggetto di attivit\u00e0 del Titolare (anche attraverso l\u2019individuazione previa delle attivit\u00e0 pi\u00f9 idonee), cos\u00ec come descritti nella documentazione informativa resa disponibile dal Titolare in formato cartaceo e\/o elettronico. I dati raccolti in relazione alle scelte effettuate in merito alla tipologia dei servizi resi, saranno altres\u00ec trattati allo scopo di di proporre iniziative e attivit\u00e0 coerenti e in linea con le scelte medesime.<\/p>\n<p><strong>3. Modalit\u00e0 del trattamento<\/strong> &#8211; Il trattamento dei Suoi dati personali \u00e8 realizzato per mezzo delle operazioni indicate all\u2019art. 4 n. 2) GDPR e precisamente: raccolta, registrazione, organizzazione, conservazione, consultazione, elaborazione, modificazione, selezione, estrazione, raffronto, interconnessione, utilizzo, blocco, comunicazione, trasmissione, cancellazione dei dati, sia in modalit\u00e0 cartacea che elettronica.<br \/>\nIl trattamento cos\u00ec come sopra descritto potr\u00e0 avvenire in modalit\u00e0 cartacea ed in modalit\u00e0 elettronica, con l\u2019utilizzo di strumenti informatici \u201cin locale\u201d o su piattaforme digitali esterne quali Google, Mailchimp, Dropbox, alla cui specifica informativa privacy si rimanda per qualsiasi chiarimento e dettaglio (<a href=\"https:\/\/policies.google.com\/?hl=it\">https:\/\/policies.google.com\/?hl=it<\/a> &#8211; <a href=\"https:\/\/mailchimp.com\/legal\/privacy\/\">https:\/\/mailchimp.com\/legal\/privacy\/<\/a> &#8211; <a href=\"https:\/\/www.dropbox.com\/it\/privacy\">https:\/\/www.dropbox.com\/it\/privacy<\/a>).<br \/>\nI dati da Lei conferiti sono trattati, senza necessit\u00e0 di espresso consenso (art. 6 GDPR), per le seguenti finalit\u00e0: aderire ai servizi proposti dal Titolare; adempiere agli obblighi precontrattuali, contrattuali e fiscali derivanti dall\u2019attivit\u00e0 svolta dal Titolare in relazione ai servizi resi; adempiere agli obblighi previsti dalla legge, dai regolamenti, dalla normativa comunitaria o da ordine dell\u2019Autorit\u00e0; esercitare i diritti propri del Titolare.<\/p>\n<p><strong>4. Comunicazione dei dati<\/strong> &#8211; I Suoi dati non sono diffusi n\u00e9 comunicati a terzi, salvo gli adempimenti di legge e l\u2019ordine dell\u2019Autorit\u00e0, se non previo Suo esplicito consenso. La comunicazione a terzi avviene esclusivamente per consentire il corretto svolgimento dei servizi resi dal Titolare, limitandola al minimo indispensabile. I dati comuni, fermi restando i trattamenti effettuati in esecuzione di obblighi di legge, potranno essere comunicati e diffusi per i fini strumentali allo svolgimento delle attivit\u00e0 del Titolare a soggetti terzi che siano legati ad essi da vincolo associativo o contrattuale, che ne condividano espressamente le finalit\u00e0 statutarie e che svolgano funzioni strettamente connesse e strumentali alla realizzazione delle attivit\u00e0 promosse dall\u2019Ente.<br \/>\nI dati particolari sensibili saranno trattati e comunicati esclusivamente per garantirne lo status giuridico ed i diritti ad esso connessi; per salvaguardare lo stato di salute dell\u2019interessato, per l\u2019esecuzione di obblighi di legge, nell\u2019ambito della gestione di polizze assicurative concernenti la responsabilit\u00e0 civile, per evitare e prevenire l\u2019insorgere di malattie, intossicazioni, allergie.<\/p>\n<p>In particolare, i Suoi dati potranno essere comunicati a:<br \/>\na) <strong>Federazioni ed Enti di promozione Sportiva locali e\/o nazionali<\/strong>, ai fini dell\u2019iscrizione ai campionati ed alle attivit\u00e0 previste dalla disciplina scelta;<\/p>\n<p>b) <strong>terzi gestori di servizi di trasporto<\/strong>, esclusivamente per attivit\u00e0 complementari e pertinenti allo svolgersi dell\u2019attivit\u00e0 sportiva;<\/p>\n<p>c) <strong>fornitori di servizi di natura amministrativa e gestionale<\/strong>;<\/p>\n<p>d) soggetti finanziatori di attivit\u00e0 e progetti specificamente realizzati nel corso della stagione sportiva, limitatamente a quanto necessario per le attivit\u00e0 di monitoraggio e rendicontazione;<\/p>\n<p>e) pubbliche amministrazioni (ad es., Regione Piemonte, Comune,\u2026), per l\u2019adempimento degli obblighi di legge;<\/p>\n<p>f) ASL e Uffici di sorveglianza sanitaria in relazione alle normali procedure connesse alle attivit\u00e0 sportive e ad eventuali obblighi di legge e tenuto debitamente conto della prevalenza del diritto alla salute dell\u2019individuo;<\/p>\n<p>g) fornitori di servizi, organizzati in proprio o per nostro conto, di carattere culturale, ludico o ricreativo, quali ad esempio:<br \/>\n\u2022 Associazioni Sportive Dilettantistiche, con le quali l\u2019Associazione collabora nell\u2019attivazione di percorsi educativo-sportivi specifici;<br \/>\n\u2022 Associazioni di Promozione Sociale o di Volontariato, Enti di solidariet\u00e0 sociale, Enti Ecclesiastici civilmente riconosciuti, tra cui Oratorio Salesiano Michele Rua, con le quali l\u2019Associazione collabora per la promozione di percorsi educativi e ricreativi di ispirazione cristiana e salesiana, finalizzati ad integrare l\u2019offerta sportiva e a sensibilizzare gli atleti alla libera adesione a proposte di volontariato e all\u2019impiego positivo e propositivo delle proprie competenze, acquisite nello stesso ambito sportivo &#8211; associativo;<br \/>\n\u2022 Associazione Giovanile Salesiana per il Territorio, Pastorale Giovanile Salesiana, con le quali l\u2019Associazione collabora, essendo realt\u00e0 associative che nascono ed operano all\u2019interno del contesto salesiano, nei cui valori il Titolare si riconosce, e dal quale mutuano ispirazione e carisma, al fine di sviluppare e promuovere percorsi educativi ed aggregativi diretti ad ampliare gli obiettivi formativi di carattere sportivo, anche attraverso lo sviluppo delle qualit\u00e0 relazionali del singolo.<\/p>\n<p><strong>5. Durata<\/strong> &#8211; Il Titolare tratter\u00e0 i dati personali per il tempo necessario per adempiere agli obblighi di legge e alle finalit\u00e0 Istituzionali e comunque non oltre tre anni dalla conclusione delle attivit\u00e0 per le quali i dati erano stati conferiti.<\/p>\n<p><strong>6. Obbligatoriet\u00e0 del trattamento<\/strong> &#8211; Il conferimento dei dati per le finalit\u00e0 individuate all\u2019art. 2, \u00e8 obbligatorio: in sua assenza, non potranno essere erogati i servizi offerti dal Titolare.<\/p>\n<p><strong>7. Diritti dell\u2019interessato<\/strong> &#8211; Nella Sua qualit\u00e0 di interessato, ha i diritti di cui all\u2019art. 15 GDPR e precisamente i diritti di:<br \/>\n7.1 ottenere la conferma dell&#8217;esistenza o meno di dati personali che La riguardano, anche se non ancora registrati, e la loro comunicazione in forma intelligibile;<br \/>\n7.2 ottenere l&#8217;indicazione:<br \/>\na) dell&#8217;origine dei dati personali;<br \/>\nb) delle finalit\u00e0 e modalit\u00e0 del trattamento;<br \/>\nc) della logica applicata in caso di trattamento effettuato con l&#8217;ausilio di strumenti elettronici;<br \/>\nd) degli estremi identificativi del titolare, dei responsabili e del rappresentante designato ai sensi dell&#8217;art. 3, comma 1, GDPR;<br \/>\ne) dei soggetti o delle categorie di soggetti ai quali i dati personali possono essere comunicati o che possono venirne a conoscenza in qualit\u00e0\u0300 di rappresentante designato nel territorio dello Stato, di responsabili o incaricati;<br \/>\n7.3 ottenere:<br \/>\na) l&#8217;aggiornamento, la rettificazione ovvero, quando vi ha interesse, l&#8217;integrazione dei dati;<br \/>\nb) la cancellazione, la trasformazione in forma anonima o il blocco dei dati trattati in violazione di legge, compresi quelli di cui non \u00e8 necessaria la conservazione in relazione agli scopi per i quali i dati sono stati raccolti o successivamente trattati;<br \/>\nc) l&#8217;attestazione che le operazioni di cui alle lettere a) e b) sono state portate a conoscenza, anche per quanto riguarda il loro contenuto, di coloro ai quali i dati sono stati comunicati o diffusi, eccettuato il caso in cui tale adempimento si rivela impossibile o comporta un impiego di mezzi manifestamente sproporzionato rispetto al diritto tutelato;<br \/>\n7.4 opporsi, in tutto o in parte:<br \/>\na) per motivi legittimi al trattamento dei dati personali che La riguardano, ancorch\u00e9\u0301pertinenti allo scopo della raccolta;<br \/>\nb) al trattamento di dati personali che La riguardano a fini di invio di materiale informativo, mediante e-mail e\/o posta cartacea.<br \/>\n7.5 esercitare i diritti di cui agli artt. 16-21 GDPR (diritto di rettifica, diritto all\u2019oblio, diritto di limitazione di trattamento, diritto di opposizione), nonch\u00e9 il diritto di reclamo all\u2019Autorit\u00e0 Garante.<\/p>\n<p><strong>8. Modalit\u00e0 di esercizio dei diritti<\/strong> &#8211; Potr\u00e0 in qualsiasi momento esercitare i Suoi diritti inviando una e-mail all\u2019indirizzo: presidente.auxiliummonterosa@gmail.com<\/p>\n<\/div><\/div><\/div><\/div><\/div><\/p>\n","protected":false},"excerpt":{"rendered":"","protected":false},"author":3,"featured_media":0,"parent":13,"menu_order":0,"comment_status":"closed","ping_status":"closed","template":"100-width.php","meta":{"footnotes":""},"class_list":["post-452","page","type-page","status-publish","hentry"],"_links":{"self":[{"href":"https:\/\/www.auxilium-monterosa.it\/sito\/index.php\/wp-json\/wp\/v2\/pages\/452","targetHints":{"allow":["GET"]}}],"collection":[{"href":"https:\/\/www.auxilium-monterosa.it\/sito\/index.php\/wp-json\/wp\/v2\/pages"}],"about":[{"href":"https:\/\/www.auxilium-monterosa.it\/sito\/index.php\/wp-json\/wp\/v2\/types\/page"}],"author":[{"embeddable":true,"href":"https:\/\/www.auxilium-monterosa.it\/sito\/index.php\/wp-json\/wp\/v2\/users\/3"}],"replies":[{"embeddable":true,"href":"https:\/\/www.auxilium-monterosa.it\/sito\/index.php\/wp-json\/wp\/v2\/comments?post=452"}],"version-history":[{"count":44,"href":"https:\/\/www.auxilium-monterosa.it\/sito\/index.php\/wp-json\/wp\/v2\/pages\/452\/revisions"}],"predecessor-version":[{"id":1303,"href":"https:\/\/www.auxilium-monterosa.it\/sito\/index.php\/wp-json\/wp\/v2\/pages\/452\/revisions\/1303"}],"up":[{"embeddable":true,"href":"https:\/\/www.auxilium-monterosa.it\/sito\/index.php\/wp-json\/wp\/v2\/pages\/13"}],"wp:attachment":[{"href":"https:\/\/www.auxilium-monterosa.it\/sito\/index.php\/wp-json\/wp\/v2\/media?parent=452"}],"curies":[{"name":"wp","href":"https:\/\/api.w.org\/{rel}","templated":true}]}}